{"id":607,"date":"2025-11-14T19:50:51","date_gmt":"2025-11-14T16:50:51","guid":{"rendered":"https:\/\/silvafreire.com.br\/site\/?page_id=607"},"modified":"2026-03-05T19:08:11","modified_gmt":"2026-03-05T16:08:11","slug":"evandro-braz-de-araujo-junior-2","status":"publish","type":"page","link":"https:\/\/silvafreire.com.br\/site\/equipe\/evandro-braz-de-araujo-junior-2\/","title":{"rendered":"Evandro Braz de Ara\u00fajo J\u00fanior"},"content":{"rendered":"\t\t<div data-elementor-type=\"wp-page\" data-elementor-id=\"607\" class=\"elementor elementor-607\" data-elementor-post-type=\"page\">\n\t\t\t\t\t\t<section class=\"elementor-section elementor-top-section elementor-element elementor-element-77e2802d elementor-hidden-tablet elementor-hidden-mobile elementor-section-boxed elementor-section-height-default elementor-section-height-default\" data-id=\"77e2802d\" data-element_type=\"section\" data-settings=\"{&quot;background_background&quot;:&quot;classic&quot;}\">\n\t\t\t\t\t\t\t<div class=\"elementor-background-overlay\"><\/div>\n\t\t\t\t\t\t\t<div class=\"elementor-container elementor-column-gap-default\">\n\t\t\t\t\t<div class=\"elementor-column elementor-col-100 elementor-top-column elementor-element elementor-element-3449ddb2\" data-id=\"3449ddb2\" data-element_type=\"column\">\n\t\t\t<div class=\"elementor-widget-wrap elementor-element-populated\">\n\t\t\t\t\t\t<div class=\"elementor-element elementor-element-69284a17 elementor-widget elementor-widget-heading\" data-id=\"69284a17\" data-element_type=\"widget\" data-widget_type=\"heading.default\">\n\t\t\t\t\t<h6 class=\"elementor-heading-title elementor-size-default\">Conhe\u00e7a a trajet\u00f3ria e qualifica\u00e7\u00f5es da nossa equipe<\/h6>\t\t\t\t<\/div>\n\t\t\t\t<div class=\"elementor-element elementor-element-44a4d801 elementor-widget__width-initial elementor-widget elementor-widget-heading\" data-id=\"44a4d801\" data-element_type=\"widget\" data-widget_type=\"heading.default\">\n\t\t\t\t\t<h1 class=\"elementor-heading-title elementor-size-default\">Evandro Braz de Ara\u00fajo J\u00fanior<\/h1>\t\t\t\t<\/div>\n\t\t\t\t\t<\/div>\n\t\t<\/div>\n\t\t\t\t\t<\/div>\n\t\t<\/section>\n\t\t\t\t<section class=\"elementor-section elementor-top-section elementor-element elementor-element-5a494817 elementor-section-boxed elementor-section-height-default elementor-section-height-default\" data-id=\"5a494817\" data-element_type=\"section\">\n\t\t\t\t\t\t<div class=\"elementor-container elementor-column-gap-default\">\n\t\t\t\t\t<div class=\"elementor-column elementor-col-50 elementor-top-column elementor-element elementor-element-663018a2 elementor-invisible\" data-id=\"663018a2\" data-element_type=\"column\" data-settings=\"{&quot;animation&quot;:&quot;fadeInLeft&quot;}\">\n\t\t\t<div class=\"elementor-widget-wrap elementor-element-populated\">\n\t\t\t\t\t\t<div class=\"elementor-element elementor-element-7783a20b elementor-widget__width-initial elementor-widget elementor-widget-heading\" data-id=\"7783a20b\" data-element_type=\"widget\" data-widget_type=\"heading.default\">\n\t\t\t\t\t<h2 class=\"elementor-heading-title elementor-size-default\">EVANDRO BRAZ DE ARA\u00daJO J\u00daNIOR<\/h2>\t\t\t\t<\/div>\n\t\t\t\t<div class=\"elementor-element elementor-element-497b8c7f elementor-widget elementor-widget-heading\" data-id=\"497b8c7f\" data-element_type=\"widget\" data-widget_type=\"heading.default\">\n\t\t\t\t\t<h2 class=\"elementor-heading-title elementor-size-default\">S\u00d3CIO<\/h2>\t\t\t\t<\/div>\n\t\t\t\t<div class=\"elementor-element elementor-element-f28537e elementor-widget-divider--view-line elementor-widget elementor-widget-divider\" data-id=\"f28537e\" data-element_type=\"widget\" data-widget_type=\"divider.default\">\n\t\t\t\t\t\t\t<div class=\"elementor-divider\">\n\t\t\t<span class=\"elementor-divider-separator\">\n\t\t\t\t\t\t<\/span>\n\t\t<\/div>\n\t\t\t\t\t\t<\/div>\n\t\t\t\t<div class=\"elementor-element elementor-element-1f0a4c28 elementor-widget__width-inherit elementor-widget-mobile__width-inherit elementor-widget elementor-widget-text-editor\" data-id=\"1f0a4c28\" data-element_type=\"widget\" data-widget_type=\"text-editor.default\">\n\t\t\t\t\t\t\t\t\t<p><strong>Forma\u00e7\u00e3o Acad\u00eamica:<\/strong><\/p><ul><li>Graduado pela Universidade Federal de Minas Gerais (UFMG).<\/li><li>P\u00f3s-graduado em Direito de Empresas pela Universidade Gama<br \/>Filho\/RJ.<\/li><li>Membro da Comiss\u00e3o de Defesa do Consumidor da OAB\/MG.<\/li><li>Membro do Conselho de Usu\u00e1rios da Oi.<\/li><li>L\u00ednguas: Ingl\u00eas.<\/li><\/ul>\t\t\t\t\t\t\t\t<\/div>\n\t\t\t\t\t<\/div>\n\t\t<\/div>\n\t\t\t\t<div class=\"elementor-column elementor-col-50 elementor-top-column elementor-element elementor-element-5e14c061 elementor-invisible\" data-id=\"5e14c061\" data-element_type=\"column\" data-settings=\"{&quot;background_background&quot;:&quot;classic&quot;,&quot;animation&quot;:&quot;fadeInUp&quot;}\">\n\t\t\t<div class=\"elementor-widget-wrap elementor-element-populated\">\n\t\t\t\t\t<div class=\"elementor-background-overlay\"><\/div>\n\t\t\t\t\t\t<div class=\"elementor-element elementor-element-1eb9383e elementor-widget elementor-widget-image\" data-id=\"1eb9383e\" data-element_type=\"widget\" data-widget_type=\"image.default\">\n\t\t\t\t\t\t\t\t\t\t\t\t\t\t\t<img fetchpriority=\"high\" decoding=\"async\" width=\"500\" height=\"650\" src=\"https:\/\/silvafreire.com.br\/site\/wp-content\/uploads\/2025\/11\/Evandro-Braz-de-Araujo-Junior-perfil.png\" class=\"attachment-full size-full wp-image-615\" alt=\"\" srcset=\"https:\/\/silvafreire.com.br\/site\/wp-content\/uploads\/2025\/11\/Evandro-Braz-de-Araujo-Junior-perfil.png 500w, https:\/\/silvafreire.com.br\/site\/wp-content\/uploads\/2025\/11\/Evandro-Braz-de-Araujo-Junior-perfil-231x300.png 231w\" sizes=\"(max-width: 500px) 100vw, 500px\" \/>\t\t\t\t\t\t\t\t\t\t\t\t\t\t\t<\/div>\n\t\t\t\t<div class=\"elementor-element elementor-element-75cb67de elementor-widget__width-initial elementor-absolute elementor-hidden-tablet elementor-hidden-mobile elementor-widget elementor-widget-spacer\" data-id=\"75cb67de\" data-element_type=\"widget\" data-settings=\"{&quot;_position&quot;:&quot;absolute&quot;}\" data-widget_type=\"spacer.default\">\n\t\t\t\t\t\t\t<div class=\"elementor-spacer\">\n\t\t\t<div class=\"elementor-spacer-inner\"><\/div>\n\t\t<\/div>\n\t\t\t\t\t\t<\/div>\n\t\t\t\t\t<\/div>\n\t\t<\/div>\n\t\t\t\t\t<\/div>\n\t\t<\/section>\n\t\t\t\t<\/div>\n\t\t","protected":false},"excerpt":{"rendered":"<p>Conhe\u00e7a a trajet\u00f3ria e qualifica\u00e7\u00f5es da nossa equipe Evandro Braz de Ara\u00fajo J\u00fanior EVANDRO BRAZ DE ARA\u00daJO J\u00daNIOR S\u00d3CIO Forma\u00e7\u00e3o Acad\u00eamica: Graduado pela Universidade Federal de Minas Gerais (UFMG). P\u00f3s-graduado em Direito de Empresas pela Universidade GamaFilho\/RJ. Membro da Comiss\u00e3o de Defesa do Consumidor da OAB\/MG. Membro do Conselho de Usu\u00e1rios da Oi. L\u00ednguas: Ingl\u00eas.<\/p>\n","protected":false},"author":1,"featured_media":0,"parent":324,"menu_order":0,"comment_status":"closed","ping_status":"closed","template":"","meta":{"footnotes":""},"class_list":["post-607","page","type-page","status-publish","hentry"],"_links":{"self":[{"href":"https:\/\/silvafreire.com.br\/site\/wp-json\/wp\/v2\/pages\/607","targetHints":{"allow":["GET"]}}],"collection":[{"href":"https:\/\/silvafreire.com.br\/site\/wp-json\/wp\/v2\/pages"}],"about":[{"href":"https:\/\/silvafreire.com.br\/site\/wp-json\/wp\/v2\/types\/page"}],"author":[{"embeddable":true,"href":"https:\/\/silvafreire.com.br\/site\/wp-json\/wp\/v2\/users\/1"}],"replies":[{"embeddable":true,"href":"https:\/\/silvafreire.com.br\/site\/wp-json\/wp\/v2\/comments?post=607"}],"version-history":[{"count":16,"href":"https:\/\/silvafreire.com.br\/site\/wp-json\/wp\/v2\/pages\/607\/revisions"}],"predecessor-version":[{"id":11535,"href":"https:\/\/silvafreire.com.br\/site\/wp-json\/wp\/v2\/pages\/607\/revisions\/11535"}],"up":[{"embeddable":true,"href":"https:\/\/silvafreire.com.br\/site\/wp-json\/wp\/v2\/pages\/324"}],"wp:attachment":[{"href":"https:\/\/silvafreire.com.br\/site\/wp-json\/wp\/v2\/media?parent=607"}],"curies":[{"name":"wp","href":"https:\/\/api.w.org\/{rel}","templated":true}]}}