{"id":641,"date":"2025-11-14T20:42:59","date_gmt":"2025-11-14T17:42:59","guid":{"rendered":"https:\/\/silvafreire.com.br\/site\/?page_id=641"},"modified":"2026-03-05T20:04:55","modified_gmt":"2026-03-05T17:04:55","slug":"rodrigo-de-oliveira-pereira","status":"publish","type":"page","link":"https:\/\/silvafreire.com.br\/site\/equipe\/rodrigo-de-oliveira-pereira\/","title":{"rendered":"Rodrigo de Oliveira Pereira"},"content":{"rendered":"\t\t<div data-elementor-type=\"wp-page\" data-elementor-id=\"641\" class=\"elementor elementor-641\" data-elementor-post-type=\"page\">\n\t\t\t\t\t\t<section class=\"elementor-section elementor-top-section elementor-element elementor-element-70e40173 elementor-hidden-tablet elementor-hidden-mobile elementor-section-boxed elementor-section-height-default elementor-section-height-default\" data-id=\"70e40173\" data-element_type=\"section\" data-settings=\"{&quot;background_background&quot;:&quot;classic&quot;}\">\n\t\t\t\t\t\t\t<div class=\"elementor-background-overlay\"><\/div>\n\t\t\t\t\t\t\t<div class=\"elementor-container elementor-column-gap-default\">\n\t\t\t\t\t<div class=\"elementor-column elementor-col-100 elementor-top-column elementor-element elementor-element-7de3d727\" data-id=\"7de3d727\" data-element_type=\"column\">\n\t\t\t<div class=\"elementor-widget-wrap elementor-element-populated\">\n\t\t\t\t\t\t<div class=\"elementor-element elementor-element-367fd389 elementor-widget elementor-widget-heading\" data-id=\"367fd389\" data-element_type=\"widget\" data-widget_type=\"heading.default\">\n\t\t\t\t\t<h6 class=\"elementor-heading-title elementor-size-default\">Conhe\u00e7a um pouco da trajet\u00f3ria<\/h6>\t\t\t\t<\/div>\n\t\t\t\t<div class=\"elementor-element elementor-element-25b600b8 elementor-widget__width-initial elementor-widget elementor-widget-heading\" data-id=\"25b600b8\" data-element_type=\"widget\" data-widget_type=\"heading.default\">\n\t\t\t\t\t<h1 class=\"elementor-heading-title elementor-size-default\">Rodrigo de Oliveira Pereira<\/h1>\t\t\t\t<\/div>\n\t\t\t\t\t<\/div>\n\t\t<\/div>\n\t\t\t\t\t<\/div>\n\t\t<\/section>\n\t\t\t\t<section class=\"elementor-section elementor-top-section elementor-element elementor-element-369cbaa1 elementor-section-boxed elementor-section-height-default elementor-section-height-default\" data-id=\"369cbaa1\" data-element_type=\"section\">\n\t\t\t\t\t\t<div class=\"elementor-container elementor-column-gap-default\">\n\t\t\t\t\t<div class=\"elementor-column elementor-col-50 elementor-top-column elementor-element elementor-element-41942193 elementor-invisible\" data-id=\"41942193\" data-element_type=\"column\" data-settings=\"{&quot;animation&quot;:&quot;fadeInLeft&quot;}\">\n\t\t\t<div class=\"elementor-widget-wrap elementor-element-populated\">\n\t\t\t\t\t\t<div class=\"elementor-element elementor-element-7a4e534 elementor-widget__width-initial elementor-widget elementor-widget-heading\" data-id=\"7a4e534\" data-element_type=\"widget\" data-widget_type=\"heading.default\">\n\t\t\t\t\t<h2 class=\"elementor-heading-title elementor-size-default\">RODRIGO DE OLIVEIRA PEREIRA<\/h2>\t\t\t\t<\/div>\n\t\t\t\t<div class=\"elementor-element elementor-element-30983b65 elementor-widget elementor-widget-heading\" data-id=\"30983b65\" data-element_type=\"widget\" data-widget_type=\"heading.default\">\n\t\t\t\t\t<h2 class=\"elementor-heading-title elementor-size-default\">S\u00d3CIO<\/h2>\t\t\t\t<\/div>\n\t\t\t\t<div class=\"elementor-element elementor-element-14ed6211 elementor-widget-divider--view-line elementor-widget elementor-widget-divider\" data-id=\"14ed6211\" data-element_type=\"widget\" data-widget_type=\"divider.default\">\n\t\t\t\t\t\t\t<div class=\"elementor-divider\">\n\t\t\t<span class=\"elementor-divider-separator\">\n\t\t\t\t\t\t<\/span>\n\t\t<\/div>\n\t\t\t\t\t\t<\/div>\n\t\t\t\t<div class=\"elementor-element elementor-element-501f6c52 elementor-widget__width-initial elementor-widget elementor-widget-text-editor\" data-id=\"501f6c52\" data-element_type=\"widget\" data-widget_type=\"text-editor.default\">\n\t\t\t\t\t\t\t\t\t<p><b>\u00c1reas de Atua\u00e7\u00e3o:<br \/><\/b>Contencioso C\u00edvel Estrat\u00e9gico, Resolu\u00e7\u00e3o de Disputas Contratuais e Direito Criminal.<\/p>\t\t\t\t\t\t\t\t<\/div>\n\t\t\t\t<div class=\"elementor-element elementor-element-5b22599a elementor-widget__width-initial elementor-widget elementor-widget-text-editor\" data-id=\"5b22599a\" data-element_type=\"widget\" data-widget_type=\"text-editor.default\">\n\t\t\t\t\t\t\t\t\t<p><strong>Forma\u00e7\u00e3o Acad\u00eamica:<\/strong><\/p><ul><li style=\"font-weight: 400;\">P\u00f3s-gradua\u00e7\u00e3o em Advocacia C\u00edvel:\u00a0Escola Superior de Advocacia (ESA\/MG).<\/li><li style=\"font-weight: 400;\">Bacharelado em Direito:\u00a0Faculdade Pit\u00e1goras de Belo Horizonte\/MG.<br \/><br \/><p><b>Extens\u00e3o Profissional:<\/b><\/p>Advogando no Invent\u00e1rio (Pr\u00e1ticas e T\u00e9cnicas) e Atualiza\u00e7\u00e3o em Processo Civil.<\/li><\/ul>\t\t\t\t\t\t\t\t<\/div>\n\t\t\t\t\t<\/div>\n\t\t<\/div>\n\t\t\t\t<div class=\"elementor-column elementor-col-50 elementor-top-column elementor-element elementor-element-6198738d elementor-invisible\" data-id=\"6198738d\" data-element_type=\"column\" data-settings=\"{&quot;background_background&quot;:&quot;classic&quot;,&quot;animation&quot;:&quot;fadeInUp&quot;}\">\n\t\t\t<div class=\"elementor-widget-wrap elementor-element-populated\">\n\t\t\t\t\t<div class=\"elementor-background-overlay\"><\/div>\n\t\t\t\t\t\t<div class=\"elementor-element elementor-element-59cc6dc elementor-widget elementor-widget-image\" data-id=\"59cc6dc\" data-element_type=\"widget\" data-widget_type=\"image.default\">\n\t\t\t\t\t\t\t\t\t\t\t\t\t\t\t<img fetchpriority=\"high\" decoding=\"async\" width=\"500\" height=\"650\" src=\"https:\/\/silvafreire.com.br\/site\/wp-content\/uploads\/2025\/11\/rodrigo-de-oliveira-pereira-perfil01.png\" class=\"attachment-full size-full wp-image-643\" alt=\"\" srcset=\"https:\/\/silvafreire.com.br\/site\/wp-content\/uploads\/2025\/11\/rodrigo-de-oliveira-pereira-perfil01.png 500w, https:\/\/silvafreire.com.br\/site\/wp-content\/uploads\/2025\/11\/rodrigo-de-oliveira-pereira-perfil01-231x300.png 231w\" sizes=\"(max-width: 500px) 100vw, 500px\" \/>\t\t\t\t\t\t\t\t\t\t\t\t\t\t\t<\/div>\n\t\t\t\t<div class=\"elementor-element elementor-element-2e7c7b04 elementor-widget__width-initial elementor-absolute elementor-hidden-tablet elementor-hidden-mobile elementor-widget elementor-widget-spacer\" data-id=\"2e7c7b04\" data-element_type=\"widget\" data-settings=\"{&quot;_position&quot;:&quot;absolute&quot;}\" data-widget_type=\"spacer.default\">\n\t\t\t\t\t\t\t<div class=\"elementor-spacer\">\n\t\t\t<div class=\"elementor-spacer-inner\"><\/div>\n\t\t<\/div>\n\t\t\t\t\t\t<\/div>\n\t\t\t\t\t<\/div>\n\t\t<\/div>\n\t\t\t\t\t<\/div>\n\t\t<\/section>\n\t\t\t\t<section class=\"elementor-section elementor-top-section elementor-element elementor-element-665b77c2 elementor-section-boxed elementor-section-height-default elementor-section-height-default\" data-id=\"665b77c2\" data-element_type=\"section\">\n\t\t\t\t\t\t<div class=\"elementor-container elementor-column-gap-default\">\n\t\t\t\t\t<div class=\"elementor-column elementor-col-100 elementor-top-column elementor-element elementor-element-35aa0cf3\" data-id=\"35aa0cf3\" data-element_type=\"column\">\n\t\t\t<div class=\"elementor-widget-wrap elementor-element-populated\">\n\t\t\t\t\t\t<section class=\"elementor-section elementor-inner-section elementor-element elementor-element-4b95a134 elementor-section-content-middle elementor-reverse-mobile elementor-section-boxed elementor-section-height-default elementor-section-height-default\" data-id=\"4b95a134\" data-element_type=\"section\" data-settings=\"{&quot;background_background&quot;:&quot;classic&quot;}\">\n\t\t\t\t\t\t<div class=\"elementor-container elementor-column-gap-default\">\n\t\t\t\t\t<div class=\"elementor-column elementor-col-50 elementor-inner-column elementor-element elementor-element-6d5f3060 elementor-hidden-tablet elementor-hidden-mobile\" data-id=\"6d5f3060\" data-element_type=\"column\">\n\t\t\t<div class=\"elementor-widget-wrap elementor-element-populated\">\n\t\t\t\t\t\t<div class=\"elementor-element elementor-element-5901ab8d elementor-widget__width-initial elementor-widget elementor-widget-image\" data-id=\"5901ab8d\" data-element_type=\"widget\" data-widget_type=\"image.default\">\n\t\t\t\t\t\t\t\t\t\t\t\t\t\t\t<img decoding=\"async\" src=\"https:\/\/silvafreire.com.br\/site\/wp-content\/uploads\/2025\/11\/Rodrigo-de-Oliveira-Pereira-1.jpg\" title=\"Rodrigo-de-Oliveira-Pereira-1\" alt=\"Rodrigo-de-Oliveira-Pereira-1\" loading=\"lazy\" \/>\t\t\t\t\t\t\t\t\t\t\t\t\t\t\t<\/div>\n\t\t\t\t\t<\/div>\n\t\t<\/div>\n\t\t\t\t<div class=\"elementor-column elementor-col-50 elementor-inner-column elementor-element elementor-element-306ada31 elementor-invisible\" data-id=\"306ada31\" data-element_type=\"column\" data-settings=\"{&quot;animation&quot;:&quot;fadeInRight&quot;}\">\n\t\t\t<div class=\"elementor-widget-wrap elementor-element-populated\">\n\t\t\t\t\t\t<div class=\"elementor-element elementor-element-c786764 elementor-widget__width-initial elementor-widget elementor-widget-text-editor\" data-id=\"c786764\" data-element_type=\"widget\" data-widget_type=\"text-editor.default\">\n\t\t\t\t\t\t\t\t\t<p>Advogado com s\u00f3lida trajet\u00f3ria dedicada \u00e0 advocacia c\u00edvel e \u00e0 resolu\u00e7\u00e3o de lit\u00edgios complexos. Atua na linha de frente de casos emblem\u00e1ticos e de repercuss\u00e3o nacional, aliando t\u00e9cnica processual combativa \u00e0 constru\u00e7\u00e3o de teses jur\u00eddicas s\u00f3lidas para a sustenta\u00e7\u00e3o das posi\u00e7\u00f5es dos clientes. Possui forte atua\u00e7\u00e3o na gest\u00e3o de passivos, conduzindo negocia\u00e7\u00f5es estrat\u00e9gicas de acordos judiciais e extrajudiciais, al\u00e9m de realizar auditoria minuciosa e an\u00e1lise de riscos em instrumentos contratuais. No \u00e2mbito interno, concentra-se na estrutura\u00e7\u00e3o de estrat\u00e9gias processuais de alta complexidade e na elabora\u00e7\u00e3o de defesas elaboradas, invariavelmente alinhadas aos precedentes recentes das cortes superiores.<\/p>\t\t\t\t\t\t\t\t<\/div>\n\t\t\t\t\t<\/div>\n\t\t<\/div>\n\t\t\t\t\t<\/div>\n\t\t<\/section>\n\t\t\t\t\t<\/div>\n\t\t<\/div>\n\t\t\t\t\t<\/div>\n\t\t<\/section>\n\t\t\t\t<\/div>\n\t\t","protected":false},"excerpt":{"rendered":"<p>Conhe\u00e7a um pouco da trajet\u00f3ria Rodrigo de Oliveira Pereira RODRIGO DE OLIVEIRA PEREIRA S\u00d3CIO \u00c1reas de Atua\u00e7\u00e3o:Contencioso C\u00edvel Estrat\u00e9gico, Resolu\u00e7\u00e3o de Disputas Contratuais e Direito Criminal. Forma\u00e7\u00e3o Acad\u00eamica: P\u00f3s-gradua\u00e7\u00e3o em Advocacia C\u00edvel:\u00a0Escola Superior de Advocacia (ESA\/MG). Bacharelado em Direito:\u00a0Faculdade Pit\u00e1goras de Belo Horizonte\/MG. Extens\u00e3o Profissional: Advogando no Invent\u00e1rio (Pr\u00e1ticas e T\u00e9cnicas) e Atualiza\u00e7\u00e3o em Processo [&hellip;]<\/p>\n","protected":false},"author":1,"featured_media":0,"parent":324,"menu_order":0,"comment_status":"closed","ping_status":"closed","template":"","meta":{"footnotes":""},"class_list":["post-641","page","type-page","status-publish","hentry"],"_links":{"self":[{"href":"https:\/\/silvafreire.com.br\/site\/wp-json\/wp\/v2\/pages\/641","targetHints":{"allow":["GET"]}}],"collection":[{"href":"https:\/\/silvafreire.com.br\/site\/wp-json\/wp\/v2\/pages"}],"about":[{"href":"https:\/\/silvafreire.com.br\/site\/wp-json\/wp\/v2\/types\/page"}],"author":[{"embeddable":true,"href":"https:\/\/silvafreire.com.br\/site\/wp-json\/wp\/v2\/users\/1"}],"replies":[{"embeddable":true,"href":"https:\/\/silvafreire.com.br\/site\/wp-json\/wp\/v2\/comments?post=641"}],"version-history":[{"count":26,"href":"https:\/\/silvafreire.com.br\/site\/wp-json\/wp\/v2\/pages\/641\/revisions"}],"predecessor-version":[{"id":11605,"href":"https:\/\/silvafreire.com.br\/site\/wp-json\/wp\/v2\/pages\/641\/revisions\/11605"}],"up":[{"embeddable":true,"href":"https:\/\/silvafreire.com.br\/site\/wp-json\/wp\/v2\/pages\/324"}],"wp:attachment":[{"href":"https:\/\/silvafreire.com.br\/site\/wp-json\/wp\/v2\/media?parent=641"}],"curies":[{"name":"wp","href":"https:\/\/api.w.org\/{rel}","templated":true}]}}