{"id":662,"date":"2025-11-14T21:01:45","date_gmt":"2025-11-14T18:01:45","guid":{"rendered":"https:\/\/silvafreire.com.br\/site\/?page_id=662"},"modified":"2026-03-05T20:05:13","modified_gmt":"2026-03-05T17:05:13","slug":"andre-barcelos-de-carvalho-klabro","status":"publish","type":"page","link":"https:\/\/silvafreire.com.br\/site\/equipe\/andre-barcelos-de-carvalho-klabro\/","title":{"rendered":"Andr\u00e9 Barcelos de Carvalho K\u2019Labr\u00f3"},"content":{"rendered":"\t\t<div data-elementor-type=\"wp-page\" data-elementor-id=\"662\" class=\"elementor elementor-662\" data-elementor-post-type=\"page\">\n\t\t\t\t\t\t<section class=\"elementor-section elementor-top-section elementor-element elementor-element-7589c3ec elementor-hidden-tablet elementor-hidden-mobile elementor-section-boxed elementor-section-height-default elementor-section-height-default\" data-id=\"7589c3ec\" data-element_type=\"section\" data-settings=\"{&quot;background_background&quot;:&quot;classic&quot;}\">\n\t\t\t\t\t\t\t<div class=\"elementor-background-overlay\"><\/div>\n\t\t\t\t\t\t\t<div class=\"elementor-container elementor-column-gap-default\">\n\t\t\t\t\t<div class=\"elementor-column elementor-col-100 elementor-top-column elementor-element elementor-element-75b62447\" data-id=\"75b62447\" data-element_type=\"column\">\n\t\t\t<div class=\"elementor-widget-wrap elementor-element-populated\">\n\t\t\t\t\t\t<div class=\"elementor-element elementor-element-77784270 elementor-widget elementor-widget-heading\" data-id=\"77784270\" data-element_type=\"widget\" data-widget_type=\"heading.default\">\n\t\t\t\t\t<h6 class=\"elementor-heading-title elementor-size-default\">Conhe\u00e7a um pouco da trajet\u00f3ria<\/h6>\t\t\t\t<\/div>\n\t\t\t\t<div class=\"elementor-element elementor-element-5032467b elementor-widget__width-initial elementor-widget elementor-widget-heading\" data-id=\"5032467b\" data-element_type=\"widget\" data-widget_type=\"heading.default\">\n\t\t\t\t\t<h1 class=\"elementor-heading-title elementor-size-default\">Andr\u00e9 Barcelos de Carvalho K\u2019Labr\u00f3<\/h1>\t\t\t\t<\/div>\n\t\t\t\t\t<\/div>\n\t\t<\/div>\n\t\t\t\t\t<\/div>\n\t\t<\/section>\n\t\t\t\t<section class=\"elementor-section elementor-top-section elementor-element elementor-element-200dd9c3 elementor-section-boxed elementor-section-height-default elementor-section-height-default\" data-id=\"200dd9c3\" data-element_type=\"section\">\n\t\t\t\t\t\t<div class=\"elementor-container elementor-column-gap-default\">\n\t\t\t\t\t<div class=\"elementor-column elementor-col-50 elementor-top-column elementor-element elementor-element-40b29d33 elementor-invisible\" data-id=\"40b29d33\" data-element_type=\"column\" data-settings=\"{&quot;animation&quot;:&quot;fadeInLeft&quot;}\">\n\t\t\t<div class=\"elementor-widget-wrap elementor-element-populated\">\n\t\t\t\t\t\t<div class=\"elementor-element elementor-element-7f371bd5 elementor-widget elementor-widget-heading\" data-id=\"7f371bd5\" data-element_type=\"widget\" data-widget_type=\"heading.default\">\n\t\t\t\t\t<h2 class=\"elementor-heading-title elementor-size-default\">ANDR\u00c9 BARCELOS DE CARVALHO K'LABR\u00d3<\/h2>\t\t\t\t<\/div>\n\t\t\t\t<div class=\"elementor-element elementor-element-19ae7c3b elementor-widget elementor-widget-heading\" data-id=\"19ae7c3b\" data-element_type=\"widget\" data-widget_type=\"heading.default\">\n\t\t\t\t\t<h2 class=\"elementor-heading-title elementor-size-default\">S\u00d3CIO<\/h2>\t\t\t\t<\/div>\n\t\t\t\t<div class=\"elementor-element elementor-element-3daeafd8 elementor-widget-divider--view-line elementor-widget elementor-widget-divider\" data-id=\"3daeafd8\" data-element_type=\"widget\" data-widget_type=\"divider.default\">\n\t\t\t\t\t\t\t<div class=\"elementor-divider\">\n\t\t\t<span class=\"elementor-divider-separator\">\n\t\t\t\t\t\t<\/span>\n\t\t<\/div>\n\t\t\t\t\t\t<\/div>\n\t\t\t\t<div class=\"elementor-element elementor-element-2bb4125a elementor-widget__width-initial elementor-widget-mobile__width-inherit elementor-widget elementor-widget-text-editor\" data-id=\"2bb4125a\" data-element_type=\"widget\" data-widget_type=\"text-editor.default\">\n\t\t\t\t\t\t\t\t\t<p><strong>Forma\u00e7\u00e3o Acad\u00eamica:<\/strong><\/p><ul><li class=\"m_7703171841876885183MsoListParagraph\">Graduado pela Pontif\u00edcia Universidade Cat\u00f3lica de Minas Gerais.<u><\/u><u><\/u><\/li><li class=\"m_7703171841876885183MsoListParagraph\">\u2060P\u00f3s Graduado em Direito Civil e Processo Civil pela Universidade Est\u00e1cio de S\u00e1.<u><\/u><u><\/u><\/li><li class=\"m_7703171841876885183MsoListParagraph\">P\u00f3s Graduado em Compliance e Gest\u00e3o de Riscos pela Universidade Pit\u00e1goras Unopar Anhanguera<u><\/u><u><\/u><\/li><li class=\"m_7703171841876885183MsoListParagraph\">\u2060P\u00f3s Graduando em Direito Ambiental, Miner\u00e1rio e Urban\u00edstico pela Pontif\u00edcia Universidade Cat\u00f3lica de Minas Gerais.<u><\/u><u><\/u><\/li><li class=\"m_7703171841876885183MsoListParagraph\">Especializado em Governan\u00e7a Corporativa e Compliance pela Funda\u00e7\u00e3o Get\u00falio Vargas.<u><\/u><u><\/u><\/li><li class=\"m_7703171841876885183MsoListParagraph\">Certifica\u00e7\u00e3o profissional CPC-A (compliance e anticorrup\u00e7\u00e3o).<u><\/u><u><\/u><\/li><li class=\"m_7703171841876885183MsoListParagraph\">L\u00ednguas: Ingl\u00eas e Espanhol.<\/li><\/ul>\t\t\t\t\t\t\t\t<\/div>\n\t\t\t\t\t<\/div>\n\t\t<\/div>\n\t\t\t\t<div class=\"elementor-column elementor-col-50 elementor-top-column elementor-element elementor-element-655a8b27 elementor-invisible\" data-id=\"655a8b27\" data-element_type=\"column\" data-settings=\"{&quot;background_background&quot;:&quot;classic&quot;,&quot;animation&quot;:&quot;fadeInUp&quot;}\">\n\t\t\t<div class=\"elementor-widget-wrap elementor-element-populated\">\n\t\t\t\t\t<div class=\"elementor-background-overlay\"><\/div>\n\t\t\t\t\t\t<div class=\"elementor-element elementor-element-544b4b41 elementor-widget elementor-widget-image\" data-id=\"544b4b41\" data-element_type=\"widget\" data-widget_type=\"image.default\">\n\t\t\t\t\t\t\t\t\t\t\t\t\t\t\t<img fetchpriority=\"high\" decoding=\"async\" width=\"500\" height=\"650\" src=\"https:\/\/silvafreire.com.br\/site\/wp-content\/uploads\/2025\/11\/andre-barcelos-de-carvalho-klabro-perfil01.png\" class=\"attachment-medium_large size-medium_large wp-image-664\" alt=\"\" srcset=\"https:\/\/silvafreire.com.br\/site\/wp-content\/uploads\/2025\/11\/andre-barcelos-de-carvalho-klabro-perfil01.png 500w, https:\/\/silvafreire.com.br\/site\/wp-content\/uploads\/2025\/11\/andre-barcelos-de-carvalho-klabro-perfil01-231x300.png 231w\" sizes=\"(max-width: 500px) 100vw, 500px\" \/>\t\t\t\t\t\t\t\t\t\t\t\t\t\t\t<\/div>\n\t\t\t\t<div class=\"elementor-element elementor-element-65c647ef elementor-widget__width-initial elementor-absolute elementor-hidden-tablet elementor-hidden-mobile elementor-widget elementor-widget-spacer\" data-id=\"65c647ef\" data-element_type=\"widget\" data-settings=\"{&quot;_position&quot;:&quot;absolute&quot;}\" data-widget_type=\"spacer.default\">\n\t\t\t\t\t\t\t<div class=\"elementor-spacer\">\n\t\t\t<div class=\"elementor-spacer-inner\"><\/div>\n\t\t<\/div>\n\t\t\t\t\t\t<\/div>\n\t\t\t\t\t<\/div>\n\t\t<\/div>\n\t\t\t\t\t<\/div>\n\t\t<\/section>\n\t\t\t\t<\/div>\n\t\t","protected":false},"excerpt":{"rendered":"<p>Conhe\u00e7a um pouco da trajet\u00f3ria Andr\u00e9 Barcelos de Carvalho K\u2019Labr\u00f3 ANDR\u00c9 BARCELOS DE CARVALHO K&#8217;LABR\u00d3 S\u00d3CIO Forma\u00e7\u00e3o Acad\u00eamica: Graduado pela Pontif\u00edcia Universidade Cat\u00f3lica de Minas Gerais. \u2060P\u00f3s Graduado em Direito Civil e Processo Civil pela Universidade Est\u00e1cio de S\u00e1. P\u00f3s Graduado em Compliance e Gest\u00e3o de Riscos pela Universidade Pit\u00e1goras Unopar Anhanguera \u2060P\u00f3s Graduando em [&hellip;]<\/p>\n","protected":false},"author":1,"featured_media":0,"parent":324,"menu_order":0,"comment_status":"closed","ping_status":"closed","template":"","meta":{"footnotes":""},"class_list":["post-662","page","type-page","status-publish","hentry"],"_links":{"self":[{"href":"https:\/\/silvafreire.com.br\/site\/wp-json\/wp\/v2\/pages\/662","targetHints":{"allow":["GET"]}}],"collection":[{"href":"https:\/\/silvafreire.com.br\/site\/wp-json\/wp\/v2\/pages"}],"about":[{"href":"https:\/\/silvafreire.com.br\/site\/wp-json\/wp\/v2\/types\/page"}],"author":[{"embeddable":true,"href":"https:\/\/silvafreire.com.br\/site\/wp-json\/wp\/v2\/users\/1"}],"replies":[{"embeddable":true,"href":"https:\/\/silvafreire.com.br\/site\/wp-json\/wp\/v2\/comments?post=662"}],"version-history":[{"count":23,"href":"https:\/\/silvafreire.com.br\/site\/wp-json\/wp\/v2\/pages\/662\/revisions"}],"predecessor-version":[{"id":11608,"href":"https:\/\/silvafreire.com.br\/site\/wp-json\/wp\/v2\/pages\/662\/revisions\/11608"}],"up":[{"embeddable":true,"href":"https:\/\/silvafreire.com.br\/site\/wp-json\/wp\/v2\/pages\/324"}],"wp:attachment":[{"href":"https:\/\/silvafreire.com.br\/site\/wp-json\/wp\/v2\/media?parent=662"}],"curies":[{"name":"wp","href":"https:\/\/api.w.org\/{rel}","templated":true}]}}