{"id":691,"date":"2025-11-14T21:16:11","date_gmt":"2025-11-14T18:16:11","guid":{"rendered":"https:\/\/silvafreire.com.br\/site\/?page_id=691"},"modified":"2026-03-05T20:00:08","modified_gmt":"2026-03-05T17:00:08","slug":"lara-cristina-chagas-santos","status":"publish","type":"page","link":"https:\/\/silvafreire.com.br\/site\/equipe\/lara-cristina-chagas-santos\/","title":{"rendered":"Lara Cristina Chagas Santos"},"content":{"rendered":"\t\t<div data-elementor-type=\"wp-page\" data-elementor-id=\"691\" class=\"elementor elementor-691\" data-elementor-post-type=\"page\">\n\t\t\t\t\t\t<section class=\"elementor-section elementor-top-section elementor-element elementor-element-b39faa7 elementor-hidden-tablet elementor-hidden-mobile elementor-section-boxed elementor-section-height-default elementor-section-height-default\" data-id=\"b39faa7\" data-element_type=\"section\" data-settings=\"{&quot;background_background&quot;:&quot;classic&quot;}\">\n\t\t\t\t\t\t\t<div class=\"elementor-background-overlay\"><\/div>\n\t\t\t\t\t\t\t<div class=\"elementor-container elementor-column-gap-default\">\n\t\t\t\t\t<div class=\"elementor-column elementor-col-100 elementor-top-column elementor-element elementor-element-13d91181\" data-id=\"13d91181\" data-element_type=\"column\">\n\t\t\t<div class=\"elementor-widget-wrap elementor-element-populated\">\n\t\t\t\t\t\t<div class=\"elementor-element elementor-element-18610992 elementor-widget elementor-widget-heading\" data-id=\"18610992\" data-element_type=\"widget\" data-widget_type=\"heading.default\">\n\t\t\t\t\t<h6 class=\"elementor-heading-title elementor-size-default\">Conhe\u00e7a um pouco da trajet\u00f3ria<\/h6>\t\t\t\t<\/div>\n\t\t\t\t<div class=\"elementor-element elementor-element-7af8b8f9 elementor-widget__width-initial elementor-widget elementor-widget-heading\" data-id=\"7af8b8f9\" data-element_type=\"widget\" data-widget_type=\"heading.default\">\n\t\t\t\t\t<h1 class=\"elementor-heading-title elementor-size-default\">Lara Cristina Chagas Santos <\/h1>\t\t\t\t<\/div>\n\t\t\t\t\t<\/div>\n\t\t<\/div>\n\t\t\t\t\t<\/div>\n\t\t<\/section>\n\t\t\t\t<section class=\"elementor-section elementor-top-section elementor-element elementor-element-2932aa46 elementor-section-boxed elementor-section-height-default elementor-section-height-default\" data-id=\"2932aa46\" data-element_type=\"section\">\n\t\t\t\t\t\t<div class=\"elementor-container elementor-column-gap-default\">\n\t\t\t\t\t<div class=\"elementor-column elementor-col-50 elementor-top-column elementor-element elementor-element-5e01182c elementor-invisible\" data-id=\"5e01182c\" data-element_type=\"column\" data-settings=\"{&quot;animation&quot;:&quot;fadeInLeft&quot;}\">\n\t\t\t<div class=\"elementor-widget-wrap elementor-element-populated\">\n\t\t\t\t\t\t<div class=\"elementor-element elementor-element-6b169cc4 elementor-widget__width-initial elementor-widget elementor-widget-heading\" data-id=\"6b169cc4\" data-element_type=\"widget\" data-widget_type=\"heading.default\">\n\t\t\t\t\t<h2 class=\"elementor-heading-title elementor-size-default\">LARA CRISTINA <br>CHAGAS SANTOS<\/h2>\t\t\t\t<\/div>\n\t\t\t\t<div class=\"elementor-element elementor-element-2667643f elementor-widget elementor-widget-heading\" data-id=\"2667643f\" data-element_type=\"widget\" data-widget_type=\"heading.default\">\n\t\t\t\t\t<h2 class=\"elementor-heading-title elementor-size-default\">S\u00d3CIA<\/h2>\t\t\t\t<\/div>\n\t\t\t\t<div class=\"elementor-element elementor-element-48c32dc6 elementor-widget-divider--view-line elementor-widget elementor-widget-divider\" data-id=\"48c32dc6\" data-element_type=\"widget\" data-widget_type=\"divider.default\">\n\t\t\t\t\t\t\t<div class=\"elementor-divider\">\n\t\t\t<span class=\"elementor-divider-separator\">\n\t\t\t\t\t\t<\/span>\n\t\t<\/div>\n\t\t\t\t\t\t<\/div>\n\t\t\t\t<div class=\"elementor-element elementor-element-7a344876 elementor-widget__width-initial elementor-widget elementor-widget-text-editor\" data-id=\"7a344876\" data-element_type=\"widget\" data-widget_type=\"text-editor.default\">\n\t\t\t\t\t\t\t\t\t<p><b>\u00c1reas de Atua\u00e7\u00e3o:<br \/><\/b>Direito Civil com \u00eanfase em Direito do Consumidor.<\/p>\t\t\t\t\t\t\t\t<\/div>\n\t\t\t\t<div class=\"elementor-element elementor-element-5e849ac6 elementor-widget__width-initial elementor-widget-mobile__width-inherit elementor-widget elementor-widget-text-editor\" data-id=\"5e849ac6\" data-element_type=\"widget\" data-widget_type=\"text-editor.default\">\n\t\t\t\t\t\t\t\t\t<p><strong>Trajet\u00f3ria:<\/strong><\/p><ul><li>Atuou no Tribunal de Justi\u00e7a de Minas Gerais, no Gabinete da Vara \u00danica da Comarca de Itapecerica\/MG, onde foi reconhecida como<b> Colaboradora do Ano de 2022<\/b> pelos servi\u00e7os prestados.<\/li><li>Tamb\u00e9m possui experi\u00eancia no Cart\u00f3rio de Registro de Im\u00f3veis de Itapecerica\/MG.<\/li><li>\u00c9 p\u00f3s-graduada em Direito do Trabalho e Direito Processual do Trabalho pela Legale Educacional e p\u00f3s-graduanda em Direito Processual Administrativo Previdenci\u00e1rio pela mesma institui\u00e7\u00e3o.<\/li><\/ul>\t\t\t\t\t\t\t\t<\/div>\n\t\t\t\t\t<\/div>\n\t\t<\/div>\n\t\t\t\t<div class=\"elementor-column elementor-col-50 elementor-top-column elementor-element elementor-element-460f436 elementor-invisible\" data-id=\"460f436\" data-element_type=\"column\" data-settings=\"{&quot;background_background&quot;:&quot;classic&quot;,&quot;animation&quot;:&quot;fadeInUp&quot;}\">\n\t\t\t<div class=\"elementor-widget-wrap elementor-element-populated\">\n\t\t\t\t\t<div class=\"elementor-background-overlay\"><\/div>\n\t\t\t\t\t\t<div class=\"elementor-element elementor-element-10f9d0c7 elementor-widget elementor-widget-image\" data-id=\"10f9d0c7\" data-element_type=\"widget\" data-widget_type=\"image.default\">\n\t\t\t\t\t\t\t\t\t\t\t\t\t\t\t<img fetchpriority=\"high\" decoding=\"async\" width=\"500\" height=\"650\" src=\"https:\/\/silvafreire.com.br\/site\/wp-content\/uploads\/2025\/12\/laracristinachagas_edit.png\" class=\"attachment-medium_large size-medium_large wp-image-11437\" alt=\"\" srcset=\"https:\/\/silvafreire.com.br\/site\/wp-content\/uploads\/2025\/12\/laracristinachagas_edit.png 500w, https:\/\/silvafreire.com.br\/site\/wp-content\/uploads\/2025\/12\/laracristinachagas_edit-231x300.png 231w\" sizes=\"(max-width: 500px) 100vw, 500px\" \/>\t\t\t\t\t\t\t\t\t\t\t\t\t\t\t<\/div>\n\t\t\t\t<div class=\"elementor-element elementor-element-18c5b32f elementor-widget__width-initial elementor-absolute elementor-hidden-tablet elementor-hidden-mobile elementor-widget elementor-widget-spacer\" data-id=\"18c5b32f\" data-element_type=\"widget\" data-settings=\"{&quot;_position&quot;:&quot;absolute&quot;}\" data-widget_type=\"spacer.default\">\n\t\t\t\t\t\t\t<div class=\"elementor-spacer\">\n\t\t\t<div class=\"elementor-spacer-inner\"><\/div>\n\t\t<\/div>\n\t\t\t\t\t\t<\/div>\n\t\t\t\t\t<\/div>\n\t\t<\/div>\n\t\t\t\t\t<\/div>\n\t\t<\/section>\n\t\t\t\t<\/div>\n\t\t","protected":false},"excerpt":{"rendered":"<p>Conhe\u00e7a um pouco da trajet\u00f3ria Lara Cristina Chagas Santos LARA CRISTINA CHAGAS SANTOS S\u00d3CIA \u00c1reas de Atua\u00e7\u00e3o:Direito Civil com \u00eanfase em Direito do Consumidor. Trajet\u00f3ria: Atuou no Tribunal de Justi\u00e7a de Minas Gerais, no Gabinete da Vara \u00danica da Comarca de Itapecerica\/MG, onde foi reconhecida como Colaboradora do Ano de 2022 pelos servi\u00e7os prestados. Tamb\u00e9m [&hellip;]<\/p>\n","protected":false},"author":1,"featured_media":0,"parent":324,"menu_order":0,"comment_status":"closed","ping_status":"closed","template":"","meta":{"footnotes":""},"class_list":["post-691","page","type-page","status-publish","hentry"],"_links":{"self":[{"href":"https:\/\/silvafreire.com.br\/site\/wp-json\/wp\/v2\/pages\/691","targetHints":{"allow":["GET"]}}],"collection":[{"href":"https:\/\/silvafreire.com.br\/site\/wp-json\/wp\/v2\/pages"}],"about":[{"href":"https:\/\/silvafreire.com.br\/site\/wp-json\/wp\/v2\/types\/page"}],"author":[{"embeddable":true,"href":"https:\/\/silvafreire.com.br\/site\/wp-json\/wp\/v2\/users\/1"}],"replies":[{"embeddable":true,"href":"https:\/\/silvafreire.com.br\/site\/wp-json\/wp\/v2\/comments?post=691"}],"version-history":[{"count":14,"href":"https:\/\/silvafreire.com.br\/site\/wp-json\/wp\/v2\/pages\/691\/revisions"}],"predecessor-version":[{"id":11593,"href":"https:\/\/silvafreire.com.br\/site\/wp-json\/wp\/v2\/pages\/691\/revisions\/11593"}],"up":[{"embeddable":true,"href":"https:\/\/silvafreire.com.br\/site\/wp-json\/wp\/v2\/pages\/324"}],"wp:attachment":[{"href":"https:\/\/silvafreire.com.br\/site\/wp-json\/wp\/v2\/media?parent=691"}],"curies":[{"name":"wp","href":"https:\/\/api.w.org\/{rel}","templated":true}]}}